{"id":963,"date":"2010-11-27T18:54:23","date_gmt":"2010-11-27T17:54:23","guid":{"rendered":"http:\/\/sperrsitz.net\/?page_id=963"},"modified":"2012-05-09T08:35:15","modified_gmt":"2012-05-09T06:35:15","slug":"archiv_allfalliges","status":"publish","type":"page","link":"https:\/\/sperrsitz.net\/?page_id=963","title":{"rendered":"Archiv_Allf\u00e4lliges"},"content":{"rendered":"<h4>2009<\/h4>\n<h5><a href=\"https:\/\/sperrsitz.net\/?p=633\">THEATERPLAKATE von Thomas M. M\u00fcller in der Moritzbastei Leipzig<\/a><\/h5>\n<h4>1998<\/h4>\n<h5><a href=\"https:\/\/sperrsitz.net\/?p=966\">GROSSE FAHRT &#8211; Eine Ausstellung von Thomas M. M\u00fcller in Ribnitz-Dammgarten<\/a><a href=\"http:\/\/previous.sperrsitz.net\/txt\/98_04.htm\"> <\/a><\/h5>\n<h4>1997<\/h4>\n<h5><a href=\"https:\/\/sperrsitz.net\/?p=1013\">57 SCHLAGERINTERPTRETATIONEN bei Reclam<\/a><\/h5>\n<h4>1992<\/h4>\n<h5><a href=\"https:\/\/sperrsitz.net\/?p=1710\">100 OBJECTS TO REPRESENT THE WORLD von Peter Greeanway<\/a><\/h5>\n","protected":false},"excerpt":{"rendered":"<p>2009 THEATERPLAKATE von Thomas M. M\u00fcller in der Moritzbastei Leipzig 1998 GROSSE FAHRT &#8211; Eine Ausstellung von Thomas M. M\u00fcller in Ribnitz-Dammgarten 1997 57 SCHLAGERINTERPTRETATIONEN bei Reclam 1992 100 OBJECTS TO REPRESENT THE WORLD von Peter Greeanway<\/p>\n","protected":false},"author":1,"featured_media":0,"parent":0,"menu_order":0,"comment_status":"closed","ping_status":"closed","template":"","meta":{"ngg_post_thumbnail":0,"footnotes":""},"class_list":["post-963","page","type-page","status-publish","hentry"],"yoast_head":"<!-- This site is optimized with the Yoast SEO plugin v27.3 - https:\/\/yoast.com\/product\/yoast-seo-wordpress\/ -->\n<title>Archiv_Allf\u00e4lliges &#8211; Sperrsitz.net<\/title>\n<meta name=\"robots\" content=\"index, follow, max-snippet:-1, max-image-preview:large, max-video-preview:-1\" \/>\n<link rel=\"canonical\" href=\"https:\/\/sperrsitz.net\/?page_id=963\" \/>\n<meta property=\"og:locale\" content=\"de_DE\" \/>\n<meta property=\"og:type\" content=\"article\" \/>\n<meta property=\"og:title\" content=\"Archiv_Allf\u00e4lliges &#8211; Sperrsitz.net\" \/>\n<meta property=\"og:description\" content=\"2009 THEATERPLAKATE von Thomas M. M\u00fcller in der Moritzbastei Leipzig 1998 GROSSE FAHRT &#8211; Eine Ausstellung von Thomas M. M\u00fcller in Ribnitz-Dammgarten 1997 57 SCHLAGERINTERPTRETATIONEN bei Reclam 1992 100 OBJECTS TO REPRESENT THE WORLD von Peter Greeanway\" \/>\n<meta property=\"og:url\" content=\"https:\/\/sperrsitz.net\/?page_id=963\" \/>\n<meta property=\"og:site_name\" content=\"Sperrsitz.net\" \/>\n<meta property=\"article:modified_time\" content=\"2012-05-09T06:35:15+00:00\" \/>\n<meta name=\"twitter:card\" content=\"summary_large_image\" \/>\n<script type=\"application\/ld+json\" class=\"yoast-schema-graph\">{\"@context\":\"https:\\\/\\\/schema.org\",\"@graph\":[{\"@type\":\"WebPage\",\"@id\":\"https:\\\/\\\/sperrsitz.net\\\/?page_id=963\",\"url\":\"https:\\\/\\\/sperrsitz.net\\\/?page_id=963\",\"name\":\"Archiv_Allf\u00e4lliges &#8211; Sperrsitz.net\",\"isPartOf\":{\"@id\":\"https:\\\/\\\/sperrsitz.net\\\/#website\"},\"datePublished\":\"2010-11-27T17:54:23+00:00\",\"dateModified\":\"2012-05-09T06:35:15+00:00\",\"breadcrumb\":{\"@id\":\"https:\\\/\\\/sperrsitz.net\\\/?page_id=963#breadcrumb\"},\"inLanguage\":\"de\",\"potentialAction\":[{\"@type\":\"ReadAction\",\"target\":[\"https:\\\/\\\/sperrsitz.net\\\/?page_id=963\"]}]},{\"@type\":\"BreadcrumbList\",\"@id\":\"https:\\\/\\\/sperrsitz.net\\\/?page_id=963#breadcrumb\",\"itemListElement\":[{\"@type\":\"ListItem\",\"position\":1,\"name\":\"Home\",\"item\":\"https:\\\/\\\/sperrsitz.net\\\/\"},{\"@type\":\"ListItem\",\"position\":2,\"name\":\"Archiv_Allf\u00e4lliges\"}]},{\"@type\":\"WebSite\",\"@id\":\"https:\\\/\\\/sperrsitz.net\\\/#website\",\"url\":\"https:\\\/\\\/sperrsitz.net\\\/\",\"name\":\"Sperrsitz.net\",\"description\":\"Stefan Kanis | Radioregie und Allf\u00e4lliges.\",\"publisher\":{\"@id\":\"https:\\\/\\\/sperrsitz.net\\\/#\\\/schema\\\/person\\\/c3186daad093aa259c336c430f1f3e78\"},\"potentialAction\":[{\"@type\":\"SearchAction\",\"target\":{\"@type\":\"EntryPoint\",\"urlTemplate\":\"https:\\\/\\\/sperrsitz.net\\\/?s={search_term_string}\"},\"query-input\":{\"@type\":\"PropertyValueSpecification\",\"valueRequired\":true,\"valueName\":\"search_term_string\"}}],\"inLanguage\":\"de\"},{\"@type\":[\"Person\",\"Organization\"],\"@id\":\"https:\\\/\\\/sperrsitz.net\\\/#\\\/schema\\\/person\\\/c3186daad093aa259c336c430f1f3e78\",\"name\":\"Stefan Kanis\",\"image\":{\"@type\":\"ImageObject\",\"inLanguage\":\"de\",\"@id\":\"https:\\\/\\\/secure.gravatar.com\\\/avatar\\\/b0feff0bc183a7e3ea2924fad583004078cc47ddae0ee8e37c029afb403a8649?s=96&d=mm&r=g\",\"url\":\"https:\\\/\\\/secure.gravatar.com\\\/avatar\\\/b0feff0bc183a7e3ea2924fad583004078cc47ddae0ee8e37c029afb403a8649?s=96&d=mm&r=g\",\"contentUrl\":\"https:\\\/\\\/secure.gravatar.com\\\/avatar\\\/b0feff0bc183a7e3ea2924fad583004078cc47ddae0ee8e37c029afb403a8649?s=96&d=mm&r=g\",\"caption\":\"Stefan Kanis\"},\"logo\":{\"@id\":\"https:\\\/\\\/secure.gravatar.com\\\/avatar\\\/b0feff0bc183a7e3ea2924fad583004078cc47ddae0ee8e37c029afb403a8649?s=96&d=mm&r=g\"},\"sameAs\":[\"https:\\\/\\\/de.wikipedia.org\\\/wiki\\\/Stefan_Kanis\"]}]}<\/script>\n<!-- \/ Yoast SEO plugin. -->","yoast_head_json":{"title":"Archiv_Allf\u00e4lliges &#8211; Sperrsitz.net","robots":{"index":"index","follow":"follow","max-snippet":"max-snippet:-1","max-image-preview":"max-image-preview:large","max-video-preview":"max-video-preview:-1"},"canonical":"https:\/\/sperrsitz.net\/?page_id=963","og_locale":"de_DE","og_type":"article","og_title":"Archiv_Allf\u00e4lliges &#8211; Sperrsitz.net","og_description":"2009 THEATERPLAKATE von Thomas M. M\u00fcller in der Moritzbastei Leipzig 1998 GROSSE FAHRT &#8211; Eine Ausstellung von Thomas M. M\u00fcller in Ribnitz-Dammgarten 1997 57 SCHLAGERINTERPTRETATIONEN bei Reclam 1992 100 OBJECTS TO REPRESENT THE WORLD von Peter Greeanway","og_url":"https:\/\/sperrsitz.net\/?page_id=963","og_site_name":"Sperrsitz.net","article_modified_time":"2012-05-09T06:35:15+00:00","twitter_card":"summary_large_image","schema":{"@context":"https:\/\/schema.org","@graph":[{"@type":"WebPage","@id":"https:\/\/sperrsitz.net\/?page_id=963","url":"https:\/\/sperrsitz.net\/?page_id=963","name":"Archiv_Allf\u00e4lliges &#8211; Sperrsitz.net","isPartOf":{"@id":"https:\/\/sperrsitz.net\/#website"},"datePublished":"2010-11-27T17:54:23+00:00","dateModified":"2012-05-09T06:35:15+00:00","breadcrumb":{"@id":"https:\/\/sperrsitz.net\/?page_id=963#breadcrumb"},"inLanguage":"de","potentialAction":[{"@type":"ReadAction","target":["https:\/\/sperrsitz.net\/?page_id=963"]}]},{"@type":"BreadcrumbList","@id":"https:\/\/sperrsitz.net\/?page_id=963#breadcrumb","itemListElement":[{"@type":"ListItem","position":1,"name":"Home","item":"https:\/\/sperrsitz.net\/"},{"@type":"ListItem","position":2,"name":"Archiv_Allf\u00e4lliges"}]},{"@type":"WebSite","@id":"https:\/\/sperrsitz.net\/#website","url":"https:\/\/sperrsitz.net\/","name":"Sperrsitz.net","description":"Stefan Kanis | Radioregie und Allf\u00e4lliges.","publisher":{"@id":"https:\/\/sperrsitz.net\/#\/schema\/person\/c3186daad093aa259c336c430f1f3e78"},"potentialAction":[{"@type":"SearchAction","target":{"@type":"EntryPoint","urlTemplate":"https:\/\/sperrsitz.net\/?s={search_term_string}"},"query-input":{"@type":"PropertyValueSpecification","valueRequired":true,"valueName":"search_term_string"}}],"inLanguage":"de"},{"@type":["Person","Organization"],"@id":"https:\/\/sperrsitz.net\/#\/schema\/person\/c3186daad093aa259c336c430f1f3e78","name":"Stefan Kanis","image":{"@type":"ImageObject","inLanguage":"de","@id":"https:\/\/secure.gravatar.com\/avatar\/b0feff0bc183a7e3ea2924fad583004078cc47ddae0ee8e37c029afb403a8649?s=96&d=mm&r=g","url":"https:\/\/secure.gravatar.com\/avatar\/b0feff0bc183a7e3ea2924fad583004078cc47ddae0ee8e37c029afb403a8649?s=96&d=mm&r=g","contentUrl":"https:\/\/secure.gravatar.com\/avatar\/b0feff0bc183a7e3ea2924fad583004078cc47ddae0ee8e37c029afb403a8649?s=96&d=mm&r=g","caption":"Stefan Kanis"},"logo":{"@id":"https:\/\/secure.gravatar.com\/avatar\/b0feff0bc183a7e3ea2924fad583004078cc47ddae0ee8e37c029afb403a8649?s=96&d=mm&r=g"},"sameAs":["https:\/\/de.wikipedia.org\/wiki\/Stefan_Kanis"]}]}},"_links":{"self":[{"href":"https:\/\/sperrsitz.net\/index.php?rest_route=\/wp\/v2\/pages\/963","targetHints":{"allow":["GET"]}}],"collection":[{"href":"https:\/\/sperrsitz.net\/index.php?rest_route=\/wp\/v2\/pages"}],"about":[{"href":"https:\/\/sperrsitz.net\/index.php?rest_route=\/wp\/v2\/types\/page"}],"author":[{"embeddable":true,"href":"https:\/\/sperrsitz.net\/index.php?rest_route=\/wp\/v2\/users\/1"}],"replies":[{"embeddable":true,"href":"https:\/\/sperrsitz.net\/index.php?rest_route=%2Fwp%2Fv2%2Fcomments&post=963"}],"version-history":[{"count":10,"href":"https:\/\/sperrsitz.net\/index.php?rest_route=\/wp\/v2\/pages\/963\/revisions"}],"predecessor-version":[{"id":2094,"href":"https:\/\/sperrsitz.net\/index.php?rest_route=\/wp\/v2\/pages\/963\/revisions\/2094"}],"wp:attachment":[{"href":"https:\/\/sperrsitz.net\/index.php?rest_route=%2Fwp%2Fv2%2Fmedia&parent=963"}],"curies":[{"name":"wp","href":"https:\/\/api.w.org\/{rel}","templated":true}]}}