{"id":785,"date":"2010-09-13T20:17:45","date_gmt":"2010-09-13T18:17:45","guid":{"rendered":"http:\/\/sperrsitz.net\/?page_id=785"},"modified":"2020-01-04T14:11:07","modified_gmt":"2020-01-04T13:11:07","slug":"archiv_radioarbeiten","status":"publish","type":"page","link":"https:\/\/sperrsitz.net\/?page_id=785","title":{"rendered":"Archiv_Radioarbeiten"},"content":{"rendered":"<h4>(Auswahl)<\/h4>\n<h4>2019<\/h4>\n<h5><a href=\"https:\/\/sperrsitz.net\/?p=4030\"><strong>GERECHTIGKEIT F\u00dcR DAS &#8222;\u00c4H&#8220;.<\/strong> Feature von J\u00f6rg Sobiella<\/a><\/h5>\n<h5><a href=\"https:\/\/sperrsitz.net\/?p=3992\">4 x 50 METER. Eine Staffelgeschichte von Thilo Reffert<\/a><\/h5>\n<h5><a href=\"https:\/\/sperrsitz.net\/?p=3996\">FUROR. H\u00f6rspiel nach dem Theaterst\u00fcck von H\u00fcbner\/Nemitz<\/a><\/h5>\n<h5><a href=\"https:\/\/sperrsitz.net\/?p=3959\">DIE ENTGIFTUNG DES MANNES. Kurzh\u00f6rspielserie von Holger B\u00f6hme<\/a><\/h5>\n<h5><a href=\"https:\/\/sperrsitz.net\/?p=3944\">ALLES F\u00dcR DIE KATZ. Feature von Judith Burger<\/a><\/h5>\n<h5><a href=\"https:\/\/sperrsitz.net\/?p=3923\">AUSL\u00d6SCHUNG. ARD-RadioTatort von Thilo Reffert<\/a><\/h5>\n<h5><a href=\"https:\/\/muellerbaukasten.de\" target=\"_blank\" rel=\"noopener\">M\u00dcLLERBAUKASTEN. Multimedia-Webprojekt f\u00fcr Heiner M\u00fcller<\/a><\/h5>\n<h4>2018<\/h4>\n<h5><a href=\"https:\/\/sperrsitz.net\/?p=3696\">DER BAU. H\u00f6rspiel nach dem Theaterst\u00fcck von Heiner M\u00fcller<\/a><\/h5>\n<h5><a href=\"https:\/\/sperrsitz.net\/?p=3686\">BOULEVARD DER BARBIERE. Feature von Judith Burger<\/a><\/h5>\n<h5><a href=\"https:\/\/sperrsitz.net\/?p=3675\">AUF DIE FRESSE. ARD RadioTatort von Thilo Reffert<\/a><\/h5>\n<h5><a href=\"https:\/\/sperrsitz.net\/?p=3645\">KARL MARX STATT CHEMNITZ. H\u00f6rspiel von Thilo Reffert<\/a><\/h5>\n<h4>2017<\/h4>\n<h5><a href=\"https:\/\/sperrsitz.net\/?p=3603\" target=\"_blank\" rel=\"noopener\">BLEIB KURZ DRAN. H\u00f6rspiel von Thilo Reffert<\/a><\/h5>\n<h5><a href=\"https:\/\/sperrsitz.net\/?p=3562\" target=\"_blank\" rel=\"noopener\">VIEL GUT ESSEN. H\u00f6rspiel nach dem Theatertext von Sibylle Berg<\/a><\/h5>\n<h5><a href=\"https:\/\/sperrsitz.net\/?p=3559\" target=\"_blank\" rel=\"noopener\">ERFUNDENE WAHRHEIT &#8211; Feature von Rainer Link<\/a><\/h5>\n<h5><a href=\"https:\/\/sperrsitz.net\/?p=3521\" target=\"_blank\" rel=\"noopener\">KUNST IN KERNICHAU. ZU GUT F\u00dcRS DEPOT &#8211; Kurzh\u00f6rspielreihe von Judith Burger<\/a><\/h5>\n<h5><a href=\"https:\/\/sperrsitz.net\/?p=3512\" target=\"_blank\" rel=\"noopener\">DIE WAHL HABEN. WIE POLITISCH IST DIE JUGEND &#8211; Feature von Maximilian Klein<\/a><\/h5>\n<h5><a href=\"https:\/\/sperrsitz.net\/?p=3443\">LUTHERLAND &#8211; H\u00f6rspielserie in 10 Folgen von Lorenz Hoffmann<\/a><\/h5>\n<h5><a href=\"https:\/\/sperrsitz.net\/?p=3399\" target=\"_blank\" rel=\"noopener\">WIE EIN ALTENBURGER FUSSBALLSPIEL &#8230; &#8211; Feature von Naomi Conrad und Michael Hartlep<\/a><\/h5>\n<h5><a href=\"https:\/\/sperrsitz.net\/?p=3346\" target=\"_blank\" rel=\"noopener\">FALLENSTELLER &#8211;&nbsp;Erz\u00e4hlungen von Sa\u0161a Stani\u0161i\u0107<\/a><\/h5>\n<h4>2016<\/h4>\n<h5><a title=\"Jenseits der Kastanien\" href=\"https:\/\/sperrsitz.net\/?p=3346\">JENSEITS DER KASTANIEN &#8211; H\u00f6rspiel nach Texten von Marina Frenk<\/a><\/h5>\n<h5><a title=\"Schicksal \u2013 \u00dc40?\" href=\"https:\/\/sperrsitz.net\/?p=3338\">SCHICKSAL &#8211; \u00dc40? &#8211; Feature von Judith Burger<\/a><\/h5>\n<h5><a title=\"Die meisten Afrikaner k\u00f6nnen nicht schwimmen\" href=\"https:\/\/sperrsitz.net\/?p=3304\">DIE MEISTEN AFRIKANER K\u00d6NNEN NICHT SCHWIMMEN &#8211; H\u00f6rspiel von Holger B\u00f6hme<\/a><\/h5>\n<h5><a title=\"Ernstfall Satire\" href=\"https:\/\/sperrsitz.net\/?p=3299\">ERNSTFALL SATIRE &#8211; Feature von Rainer Link<\/a><\/h5>\n<h5><a title=\"Die Putzfrauen\" href=\"https:\/\/sperrsitz.net\/?p=3196\">DIE PUTZFRAUEN &#8211; H\u00f6rspiel nach dem Theatertext von Volker Braun<\/a><\/h5>\n<h5><a title=\"Das Kind ins Leben heben\" href=\"https:\/\/sperrsitz.net\/?p=3232\">DAS KIND INS LEBEN HEBEN &#8211; Feature von Julia Sch\u00e4fer<\/a><\/h5>\n<h5><a title=\"Die erste Gestalt der Hoffnung ist die Furcht \u2013 Heiner M\u00fcller\" href=\"https:\/\/sperrsitz.net\/?p=3146\">DIE ERSTE GESTALT DER HOFFNUNG IST DIE FURCHT: HEINER M\u00dcLLER &#8211; Essay von Stefan Kanis<\/a><\/h5>\n<h4>2015<\/h4>\n<h5><a title=\"Zuckerbaum und Schlittschuhlauf\" href=\"https:\/\/sperrsitz.net\/?p=3162\">ZUCKERBAUM UND SCHLITTSCHUHLAUF &#8211; Essay von Otto Werner F\u00f6rster<\/a><\/h5>\n<h5><a title=\"Die Gl\u00fccklichen\" href=\"https:\/\/sperrsitz.net\/?p=3140\">DIE GL\u00dcCKLICHEN &#8211; Lesung des Romans von Kristine Bilkau<\/a><\/h5>\n<h5><a title=\"Und jetzt: die Welt!\" href=\"https:\/\/sperrsitz.net\/?p=3061\">UND JETZT: DIE WELT! &#8211; H\u00f6rspiel nach dem Theaterst\u00fcck von Sibylle Berg<\/a><\/h5>\n<h5><a title=\"Wie das Theater dem Kapital zuspielt\" href=\"https:\/\/sperrsitz.net\/?p=3040\">WIE DAS THEATER DEM KAPITAL ZUSPIELT &#8211; Essay von Stefan Kanis<\/a><\/h5>\n<h5><a title=\"Die ganze Wahrheit \u00fcber meinen Vater\" href=\"https:\/\/sperrsitz.net\/?p=2983\">DIE GANZE WAHRHEIT \u00dcBER MEINEN VATER &#8211; H\u00f6rspiel von Christoph Buggert<\/a><\/h5>\n<h5><a title=\"Komik ist eine \u00dcbertreibung der Wahrheit\" href=\"https:\/\/sperrsitz.net\/?p=2954\">KOMIK IST EINE \u00dcBERTREIBUNG DER WAHRHEIT &#8211; Feature von Michael Schulte<\/a><\/h5>\n<h4>2014<\/h4>\n<h5><a title=\"Th\u00e4lmannstra\u00dfe 89\" href=\"https:\/\/sperrsitz.net\/?p=2565\">TH\u00c4LMANNSTRASSE 89 &#8211; Kurzh\u00f6rspielserie von Lorenz Hoffmann<\/a><\/h5>\n<h5><a title=\"Das \u2018Deutschlandger\u00e4t\u2019\" href=\"https:\/\/sperrsitz.net\/?p=2547\">DAS &#8218;DEUTSCHLANDGER\u00c4T&#8216; &#8211; H\u00f6rspiel von Ingo Schulze<\/a><\/h5>\n<h5><a title=\"Industrieruinen\" href=\"https:\/\/sperrsitz.net\/?p=2532\">INDUSTRIERUINEN &#8211; Feature von Judith Burger<\/a><\/h5>\n<h5><a title=\"Die Gr\u00e4ber der gro\u00dfen Russen\" href=\"https:\/\/sperrsitz.net\/?p=2507\">DIE GR\u00c4BER DER GROSSEN RUSSEN &#8211; Feature von G\u00fcnter Kotte<\/a><\/h5>\n<h5><a title=\"Die vier Himmelsrichtungen\" href=\"https:\/\/sperrsitz.net\/?p=2471\">DIE VIER HIMMESLRICHTUNGEN &#8211; H\u00f6rspiel nach dem B\u00fchnenst\u00fcck von Roland Schimmelpfennig<\/a><\/h5>\n<h5><a title=\"Atlas der abgelegenen Inseln\" href=\"https:\/\/sperrsitz.net\/?p=2448\">ATLAS DER ABGELEGENEN INSELN &#8211; Texte von Judith Schalansky<\/a><\/h5>\n<h4>2013<\/h4>\n<h5><a title=\"Ohne ihn w\u00e4ren die M\u00e4chtigen oftmals sprachlos gewesen\" href=\"https:\/\/sperrsitz.net\/?p=2306\">OHNE IHN W\u00c4REN DIE M\u00c4CHTIGEN OFT SPRACHLOS GEWESEN &#8211; Feature von G\u00fcnter Kotte<\/a><\/h5>\n<h5><a title=\"Das bin doch nicht, oder? \u2013 Henry B\u00fcttner\" href=\"https:\/\/sperrsitz.net\/?p=2338\">DAS BIN DOCH NICHT ICH, ODER? \u2013 HENRY B\u00dcTTNER &#8211; Feature von G\u00fcnter Kotte<\/a><\/h5>\n<h5><a title=\"Im Inneren des Landes\" href=\"https:\/\/sperrsitz.net\/?p=2386\">IM INNEREN DES LANDES &#8211; H\u00f6rspiel nach dem Roman von Dirk Brauns<\/a><\/h5>\n<h5><a title=\"Graf Br\u00fchl \u2013 Dresdens M\u00e4zen und Bankrotteur\" href=\"https:\/\/sperrsitz.net\/?p=2410\"> GRAF BR\u00dcHL &#8211; DRESDENS M\u00c4ZEN UND BANKROTTEUR &#8211; Feature von Matthias K\u00f6rner<\/a><\/h5>\n<h4>2012<\/h4>\n<h5><a title=\"Besuch in Mechtshausen\" href=\"https:\/\/sperrsitz.net\/?p=2009\">BESUCH IN MECHTSHAUSEN &#8211; H\u00f6rspiel von Rolf Schneider<\/a><\/h5>\n<h5><a title=\"Foto: Billhardt\" href=\"https:\/\/sperrsitz.net\/?p=2040\">FOTO: BILLHARDT &#8211; Feature von Steffen L\u00fcddemann<\/a><\/h5>\n<h5><a title=\"Das Finkenman\u00f6ver\" href=\"https:\/\/sperrsitz.net\/?p=2110\">DAS FINKENMAN\u00d6VER &#8211; Feature von Gerhard P\u00f6tzsch<\/a><\/h5>\n<h5><a title=\"Maske und Geist\" href=\"https:\/\/sperrsitz.net\/?p=2153\">MASKE UND GEIST &#8211; Feature von Ina Lyn Reif<\/a><\/h5>\n<h5><a title=\"Nachrufe\" href=\"https:\/\/sperrsitz.net\/?p=2280\">NACHRUFE &#8211; H\u00f6rspiel von G\u00fcnter Kunert<\/a><\/h5>\n<h4>2011<\/h4>\n<h5><a title=\"Austerlitz\" href=\"https:\/\/sperrsitz.net\/?p=1888\">AUSTERLITZ &#8211; H\u00f6rspiel nach dem Roman von W.G. Sebald<\/a><\/h5>\n<h5><a title=\"Arche Leutenthal\" href=\"https:\/\/sperrsitz.net\/?p=1916\">ARCHE LEUTENTHAL &#8211; Feature von Stefan Kanis<\/a><\/h5>\n<h5><a title=\"Frauenzuchthaus Hoheneck\" href=\"https:\/\/sperrsitz.net\/?p=1769\">FRAUENZUCHTHAUS HOHENECK &#8211; Feature von Gabriele St\u00f6tzer<\/a><\/h5>\n<h5><a title=\"Ich war ein Kind von Tschernobyl\" href=\"https:\/\/sperrsitz.net\/?p=1636\">ICH WAR EIN KIND VON TSCHERNOBYL &#8211; Feature von Olga Kapustina<\/a><\/h5>\n<h4>2010<\/h4>\n<h5><a title=\"Zucker\" href=\"https:\/\/sperrsitz.net\/?p=1115\">ZUCKER. DAS S\u00dcSSE GIFT &#8211; Feature von Michael Schulte<\/a><\/h5>\n<h5><a title=\"Nimba \u2013 Das Gesetz des Dschungels\" href=\"https:\/\/sperrsitz.net\/?p=1395\">TIERE ALS T\u00c4TER | NIMBA &#8211; DAS GESETZ DES DSCHUNGELS &#8211; H\u00f6rspiel von Anne M\u00fccke und Frank Bruder<\/a><\/h5>\n<h5><a title=\"Der Tod der Nacht\" href=\"https:\/\/sperrsitz.net\/?p=702\">DER TOD DER NACHT. DIE SCHATTENSEITE DES K\u00dcNSTLICHEN LICHTS &#8211; Feature von Sabine Frank<\/a><\/h5>\n<h5><a title=\"Ernst Bloch in Leipzig oder Der verhinderte grosse Augenblick\" href=\"https:\/\/sperrsitz.net\/?p=1378\">ERNST BLOCH IN LEIPZIG &#8211; Feature von Petra Stuber und Jochen Sch\u00fctze <\/a><\/h5>\n<h5><a title=\"Biedermeier an der Elbe\" href=\"https:\/\/sperrsitz.net\/?p=717\">BIEDERMEIER AN DER ELBE. WERBEN: DIE KLEINSTE HANSESTADT DER WELT &#8211; Feature von Gerhard P\u00f6tzsch<\/a><\/h5>\n<h5><a title=\"Machwerk oder das Schichtbuch des Flick von Lauchhammer\" href=\"https:\/\/sperrsitz.net\/?p=1497\">MACHWERK oder DAS SCHICHTBUCH DES FLICK VON LAUCHHAMMER &#8211; Lesung des Romans von Volker Braun<\/a><\/h5>\n<h5><a title=\"Shot: Leipzig, April 1945\" href=\"https:\/\/sperrsitz.net\/?p=1383\">SHOT: LEIPZIG, APRIL 1945. DIE BILDREPORTAGEN VON MARGARET BOURKE-WHITE, ROBERT CAPA UND LEE MILLER &#8211; Feature von Jan Wenzel<\/a><\/h5>\n<h5><a title=\"Redback: Der leise Tod\" href=\"https:\/\/sperrsitz.net\/?p=1422\">TIERE ALS T\u00c4TER | REDBACK: DER LEISE TOD &#8211; H\u00f6rspiel von Alexander Brabandt<\/a><\/h5>\n<h5><a title=\"Demokratie 2.0\" href=\"https:\/\/sperrsitz.net\/?p=723\">DEMOKRATIE 2.0.&nbsp;WIE DIE INTERNETGENERTION POLTIK MACHT &#8211; Feature von Karsten Kretzer<\/a><\/h5>\n<h4>2009<\/h4>\n<h5><a title=\"Die Sicherheit einer geschlossenen Fahrgastzelle\" href=\"https:\/\/sperrsitz.net\/?p=526\">DIE SICHERHEIT EINER GESCHLOSSENEN FAHRGASTZELLE &#8211; H\u00f6rspiel von Thilo Reffert<\/a><\/h5>\n<h5><a title=\"Lebenstraum mit Happy End\" href=\"https:\/\/sperrsitz.net\/?p=764\">LEBENSTRAUM MIT HAPPY END. EIN TH\u00dcRINGER&nbsp;IN NEW YORK &#8211; Feature von Anja Riediger<\/a><\/h5>\n<h5><a title=\"Das wei\u00dfe Gold\" href=\"https:\/\/sperrsitz.net\/?p=731\">DAS WEISSE GOLD. EIN SALZKALEIDOSKOP &#8211; Feature von Michael Schulte<\/a><\/h5>\n<h5><a title=\"Der edle R\u00e4uber von Falkenstein\" href=\"https:\/\/sperrsitz.net\/?p=1413\">DER EDLE R\u00c4UBER VON FALKENSTEIN: MAX HOELZ &#8211; Feature von Rolf Schneider<\/a><\/h5>\n<h4>2008<\/h4>\n<h5><a title=\"Das Mittagsmahl\" href=\"https:\/\/sperrsitz.net\/?p=1437\">DAS MITTAGSMAHL &#8211; H\u00f6rspiel nach einem Text von Volker Braun<\/a><\/h5>\n<h5><a title=\"Die Stadt der Weihnachtskrippen\" href=\"https:\/\/sperrsitz.net\/?p=1445\">DIE STADT DER WEIHNACHTSKRIPPEN &#8211; Feature von Margherita Arzillo<\/a><\/h5>\n<h5><a title=\"Blutiges Nirgendwo: Tod auf der Insel\" href=\"https:\/\/sperrsitz.net\/?p=1450\">TIERE ALS T\u00c4TER | BLUTIGES NIRGENDWO: TOD AUF DER INSEL &#8211; H\u00f6rspiel von Richard Fasten<\/a><\/h5>\n<h5><a title=\"Schneeball: Die Spur des Yeti\" href=\"https:\/\/sperrsitz.net\/?p=1524\">TIERE ALS T\u00c4TER | SCHNEEBALL: DIE SPUR DES YETI &#8211; H\u00f6rspiel von Frank Bruder<\/a><\/h5>\n<h5><a title=\"Amok: Tod in der Savanne\" href=\"https:\/\/sperrsitz.net\/?p=1532\">TIERE ALS T\u00c4TER | AMOK: TOD IN DER SAVANNE &#8211; H\u00f6rspiel von Richard Fasten<\/a><\/h5>\n<h5><a title=\"L\u00e4chelnde Killer: Mord im Moray Firth\" href=\"https:\/\/sperrsitz.net\/?p=1535\">TIERE ALS T\u00c4TER | L\u00c4CHELNDE KILLER: MORD IM MORAY FIRTH &#8211; H\u00f6rspiel von Frank Bruder<\/a><\/h5>\n<h5><a title=\"Nimm mich mit nach Panama\" href=\"https:\/\/sperrsitz.net\/?p=1542\">NIMM MICH MIT NACH PANAMA &#8211; Feature von Katrin Dorn<\/a><\/h5>\n<h5><a title=\"Cinema Berlino\" href=\"https:\/\/sperrsitz.net\/?p=1545\">CINEMA BERLINO &#8211; Feature von Kristin Sch\u00f6nfelder<\/a><\/h5>\n<h4>2007<\/h4>\n<h5><a title=\"Das s\u00e4chsische Manchester\" href=\"https:\/\/sperrsitz.net\/?p=1551\">DAS S\u00c4CHSISCHE MANCHESTER &#8211; Feature von Kerstin Hensel<\/a><\/h5>\n<h5><a title=\"Queen Mary 3\" href=\"https:\/\/sperrsitz.net\/?p=1556\">QUEEN MARY 3 &#8211; H\u00f6rspiel von Thilo Reffert<\/a><\/h5>\n<h5><a title=\"Georg Groddeck: Der Wunderheiler aus Bad K\u00f6sen\" href=\"https:\/\/sperrsitz.net\/?p=1605\">GEORD GRODDECK: DER WUNDERHEILER AUS BAD K\u00d6SEN &#8211; Feature von Peter Strau\u00df<\/a><\/h5>\n<h4>2006<\/h4>\n<h5><a title=\"Figaros Recherchen\" href=\"https:\/\/sperrsitz.net\/?p=1549\">FIGAROS RECHERCHEN von Michael Schulte<\/a><\/h5>\n<h5><a title=\"Adler und Engel\" href=\"https:\/\/sperrsitz.net\/?p=1613\">ADLER UND ENGEL &#8211; H\u00f6rspiel nach dem Roman von Juli Zeh<\/a><\/h5>\n<h5><a title=\"Der Z\u00f6gling\" href=\"https:\/\/sperrsitz.net\/?p=1755\">DER Z\u00d6GLING &#8211; Feature von Peter Voigt<\/a><\/h5>\n<h4>2005<\/h4>\n<h5><a title=\"Arme M\u00e4nner, schreckliche Frauen \u2013 Esther Vilar\" href=\"https:\/\/sperrsitz.net\/?p=1819\">ARME M\u00c4NNER, SCHRECKLICHE FRAUEN &#8211; ESTHER VILAR &#8211; Feature von Michael Schulte<\/a><\/h5>\n<h5><a title=\"Waren die G\u00f6tter Astronauten?\" href=\"https:\/\/sperrsitz.net\/?p=1827\">WAREN DIE G\u00d6TTER ASTRONAUTEN? &#8211; Feature von Thomas Prinzler<\/a><\/h5>\n<h4>2004<\/h4>\n<h5><a title=\"Auf einem H\u00fcgel in der Uckermark\" href=\"https:\/\/sperrsitz.net\/?p=1841\">AUF EINEM H\u00dcGEL IN DER UCKERMARK &#8211; Feature von Matthias Ku\u00dfmann<\/a><\/h5>\n<h5><a title=\"\u201cIch bin eigentlich ein Taschendieb\u201d\" href=\"https:\/\/sperrsitz.net\/?p=1851\">ICH BIN EIGENTLICH EIN TASCHENDIEB &#8211; Feature von Michael Schulte<\/a><\/h5>\n<h4>2003<\/h4>\n<h5><a title=\"\u201cMein Leben besteht aus lauter Kleinigkeiten\u201d\" href=\"https:\/\/sperrsitz.net\/?p=1860\">MEIN LEBEN BESTEHT AUS LAUTER KLEINIGKEITEN von Michael Schulte<\/a><\/h5>\n<h5><a title=\"Der Zug nach Wicklow\" href=\"https:\/\/sperrsitz.net\/?p=1871\">DER ZUG NACH WICKLOW &#8211; H\u00f6rspiel von Christina Calvo<\/a><\/h5>\n<p>&nbsp;<\/p>\n","protected":false},"excerpt":{"rendered":"<p>(Auswahl) 2019 GERECHTIGKEIT F\u00dcR DAS &#8222;\u00c4H&#8220;. Feature von J\u00f6rg Sobiella 4 x 50 METER. Eine Staffelgeschichte von Thilo Reffert FUROR. H\u00f6rspiel nach dem Theaterst\u00fcck von H\u00fcbner\/Nemitz DIE ENTGIFTUNG DES MANNES. Kurzh\u00f6rspielserie von Holger B\u00f6hme ALLES F\u00dcR DIE KATZ. Feature von &hellip; <a href=\"https:\/\/sperrsitz.net\/?page_id=785\">Weiterlesen <span class=\"meta-nav\">&rarr;<\/span><\/a><\/p>\n","protected":false},"author":1,"featured_media":0,"parent":0,"menu_order":0,"comment_status":"closed","ping_status":"open","template":"","meta":{"ngg_post_thumbnail":0,"footnotes":""},"class_list":["post-785","page","type-page","status-publish","hentry"],"yoast_head":"<!-- This site is optimized with the Yoast SEO plugin v27.3 - https:\/\/yoast.com\/product\/yoast-seo-wordpress\/ -->\n<title>Archiv_Radioarbeiten &#8211; Sperrsitz.net<\/title>\n<meta name=\"robots\" content=\"index, follow, max-snippet:-1, max-image-preview:large, max-video-preview:-1\" \/>\n<link rel=\"canonical\" href=\"https:\/\/sperrsitz.net\/?page_id=785\" \/>\n<meta property=\"og:locale\" content=\"de_DE\" \/>\n<meta property=\"og:type\" content=\"article\" \/>\n<meta property=\"og:title\" content=\"Archiv_Radioarbeiten &#8211; Sperrsitz.net\" \/>\n<meta property=\"og:description\" content=\"(Auswahl) 2019 GERECHTIGKEIT F\u00dcR DAS &#8222;\u00c4H&#8220;. Feature von J\u00f6rg Sobiella 4 x 50 METER. Eine Staffelgeschichte von Thilo Reffert FUROR. H\u00f6rspiel nach dem Theaterst\u00fcck von H\u00fcbner\/Nemitz DIE ENTGIFTUNG DES MANNES. Kurzh\u00f6rspielserie von Holger B\u00f6hme ALLES F\u00dcR DIE KATZ. Feature von &hellip; Weiterlesen &rarr;\" \/>\n<meta property=\"og:url\" content=\"https:\/\/sperrsitz.net\/?page_id=785\" \/>\n<meta property=\"og:site_name\" content=\"Sperrsitz.net\" \/>\n<meta property=\"article:modified_time\" content=\"2020-01-04T13:11:07+00:00\" \/>\n<meta name=\"twitter:card\" content=\"summary_large_image\" \/>\n<meta name=\"twitter:label1\" content=\"Gesch\u00e4tzte Lesezeit\" \/>\n\t<meta name=\"twitter:data1\" content=\"5\u00a0Minuten\" \/>\n<script type=\"application\/ld+json\" class=\"yoast-schema-graph\">{\"@context\":\"https:\\\/\\\/schema.org\",\"@graph\":[{\"@type\":\"WebPage\",\"@id\":\"https:\\\/\\\/sperrsitz.net\\\/?page_id=785\",\"url\":\"https:\\\/\\\/sperrsitz.net\\\/?page_id=785\",\"name\":\"Archiv_Radioarbeiten &#8211; Sperrsitz.net\",\"isPartOf\":{\"@id\":\"https:\\\/\\\/sperrsitz.net\\\/#website\"},\"datePublished\":\"2010-09-13T18:17:45+00:00\",\"dateModified\":\"2020-01-04T13:11:07+00:00\",\"breadcrumb\":{\"@id\":\"https:\\\/\\\/sperrsitz.net\\\/?page_id=785#breadcrumb\"},\"inLanguage\":\"de\",\"potentialAction\":[{\"@type\":\"ReadAction\",\"target\":[\"https:\\\/\\\/sperrsitz.net\\\/?page_id=785\"]}]},{\"@type\":\"BreadcrumbList\",\"@id\":\"https:\\\/\\\/sperrsitz.net\\\/?page_id=785#breadcrumb\",\"itemListElement\":[{\"@type\":\"ListItem\",\"position\":1,\"name\":\"Home\",\"item\":\"https:\\\/\\\/sperrsitz.net\\\/\"},{\"@type\":\"ListItem\",\"position\":2,\"name\":\"Archiv_Radioarbeiten\"}]},{\"@type\":\"WebSite\",\"@id\":\"https:\\\/\\\/sperrsitz.net\\\/#website\",\"url\":\"https:\\\/\\\/sperrsitz.net\\\/\",\"name\":\"Sperrsitz.net\",\"description\":\"Stefan Kanis | Radioregie und Allf\u00e4lliges.\",\"publisher\":{\"@id\":\"https:\\\/\\\/sperrsitz.net\\\/#\\\/schema\\\/person\\\/c3186daad093aa259c336c430f1f3e78\"},\"potentialAction\":[{\"@type\":\"SearchAction\",\"target\":{\"@type\":\"EntryPoint\",\"urlTemplate\":\"https:\\\/\\\/sperrsitz.net\\\/?s={search_term_string}\"},\"query-input\":{\"@type\":\"PropertyValueSpecification\",\"valueRequired\":true,\"valueName\":\"search_term_string\"}}],\"inLanguage\":\"de\"},{\"@type\":[\"Person\",\"Organization\"],\"@id\":\"https:\\\/\\\/sperrsitz.net\\\/#\\\/schema\\\/person\\\/c3186daad093aa259c336c430f1f3e78\",\"name\":\"Stefan Kanis\",\"image\":{\"@type\":\"ImageObject\",\"inLanguage\":\"de\",\"@id\":\"https:\\\/\\\/secure.gravatar.com\\\/avatar\\\/b0feff0bc183a7e3ea2924fad583004078cc47ddae0ee8e37c029afb403a8649?s=96&d=mm&r=g\",\"url\":\"https:\\\/\\\/secure.gravatar.com\\\/avatar\\\/b0feff0bc183a7e3ea2924fad583004078cc47ddae0ee8e37c029afb403a8649?s=96&d=mm&r=g\",\"contentUrl\":\"https:\\\/\\\/secure.gravatar.com\\\/avatar\\\/b0feff0bc183a7e3ea2924fad583004078cc47ddae0ee8e37c029afb403a8649?s=96&d=mm&r=g\",\"caption\":\"Stefan Kanis\"},\"logo\":{\"@id\":\"https:\\\/\\\/secure.gravatar.com\\\/avatar\\\/b0feff0bc183a7e3ea2924fad583004078cc47ddae0ee8e37c029afb403a8649?s=96&d=mm&r=g\"},\"sameAs\":[\"https:\\\/\\\/de.wikipedia.org\\\/wiki\\\/Stefan_Kanis\"]}]}<\/script>\n<!-- \/ Yoast SEO plugin. -->","yoast_head_json":{"title":"Archiv_Radioarbeiten &#8211; Sperrsitz.net","robots":{"index":"index","follow":"follow","max-snippet":"max-snippet:-1","max-image-preview":"max-image-preview:large","max-video-preview":"max-video-preview:-1"},"canonical":"https:\/\/sperrsitz.net\/?page_id=785","og_locale":"de_DE","og_type":"article","og_title":"Archiv_Radioarbeiten &#8211; Sperrsitz.net","og_description":"(Auswahl) 2019 GERECHTIGKEIT F\u00dcR DAS &#8222;\u00c4H&#8220;. Feature von J\u00f6rg Sobiella 4 x 50 METER. Eine Staffelgeschichte von Thilo Reffert FUROR. H\u00f6rspiel nach dem Theaterst\u00fcck von H\u00fcbner\/Nemitz DIE ENTGIFTUNG DES MANNES. Kurzh\u00f6rspielserie von Holger B\u00f6hme ALLES F\u00dcR DIE KATZ. Feature von &hellip; Weiterlesen &rarr;","og_url":"https:\/\/sperrsitz.net\/?page_id=785","og_site_name":"Sperrsitz.net","article_modified_time":"2020-01-04T13:11:07+00:00","twitter_card":"summary_large_image","twitter_misc":{"Gesch\u00e4tzte Lesezeit":"5\u00a0Minuten"},"schema":{"@context":"https:\/\/schema.org","@graph":[{"@type":"WebPage","@id":"https:\/\/sperrsitz.net\/?page_id=785","url":"https:\/\/sperrsitz.net\/?page_id=785","name":"Archiv_Radioarbeiten &#8211; Sperrsitz.net","isPartOf":{"@id":"https:\/\/sperrsitz.net\/#website"},"datePublished":"2010-09-13T18:17:45+00:00","dateModified":"2020-01-04T13:11:07+00:00","breadcrumb":{"@id":"https:\/\/sperrsitz.net\/?page_id=785#breadcrumb"},"inLanguage":"de","potentialAction":[{"@type":"ReadAction","target":["https:\/\/sperrsitz.net\/?page_id=785"]}]},{"@type":"BreadcrumbList","@id":"https:\/\/sperrsitz.net\/?page_id=785#breadcrumb","itemListElement":[{"@type":"ListItem","position":1,"name":"Home","item":"https:\/\/sperrsitz.net\/"},{"@type":"ListItem","position":2,"name":"Archiv_Radioarbeiten"}]},{"@type":"WebSite","@id":"https:\/\/sperrsitz.net\/#website","url":"https:\/\/sperrsitz.net\/","name":"Sperrsitz.net","description":"Stefan Kanis | Radioregie und Allf\u00e4lliges.","publisher":{"@id":"https:\/\/sperrsitz.net\/#\/schema\/person\/c3186daad093aa259c336c430f1f3e78"},"potentialAction":[{"@type":"SearchAction","target":{"@type":"EntryPoint","urlTemplate":"https:\/\/sperrsitz.net\/?s={search_term_string}"},"query-input":{"@type":"PropertyValueSpecification","valueRequired":true,"valueName":"search_term_string"}}],"inLanguage":"de"},{"@type":["Person","Organization"],"@id":"https:\/\/sperrsitz.net\/#\/schema\/person\/c3186daad093aa259c336c430f1f3e78","name":"Stefan Kanis","image":{"@type":"ImageObject","inLanguage":"de","@id":"https:\/\/secure.gravatar.com\/avatar\/b0feff0bc183a7e3ea2924fad583004078cc47ddae0ee8e37c029afb403a8649?s=96&d=mm&r=g","url":"https:\/\/secure.gravatar.com\/avatar\/b0feff0bc183a7e3ea2924fad583004078cc47ddae0ee8e37c029afb403a8649?s=96&d=mm&r=g","contentUrl":"https:\/\/secure.gravatar.com\/avatar\/b0feff0bc183a7e3ea2924fad583004078cc47ddae0ee8e37c029afb403a8649?s=96&d=mm&r=g","caption":"Stefan Kanis"},"logo":{"@id":"https:\/\/secure.gravatar.com\/avatar\/b0feff0bc183a7e3ea2924fad583004078cc47ddae0ee8e37c029afb403a8649?s=96&d=mm&r=g"},"sameAs":["https:\/\/de.wikipedia.org\/wiki\/Stefan_Kanis"]}]}},"_links":{"self":[{"href":"https:\/\/sperrsitz.net\/index.php?rest_route=\/wp\/v2\/pages\/785","targetHints":{"allow":["GET"]}}],"collection":[{"href":"https:\/\/sperrsitz.net\/index.php?rest_route=\/wp\/v2\/pages"}],"about":[{"href":"https:\/\/sperrsitz.net\/index.php?rest_route=\/wp\/v2\/types\/page"}],"author":[{"embeddable":true,"href":"https:\/\/sperrsitz.net\/index.php?rest_route=\/wp\/v2\/users\/1"}],"replies":[{"embeddable":true,"href":"https:\/\/sperrsitz.net\/index.php?rest_route=%2Fwp%2Fv2%2Fcomments&post=785"}],"version-history":[{"count":57,"href":"https:\/\/sperrsitz.net\/index.php?rest_route=\/wp\/v2\/pages\/785\/revisions"}],"predecessor-version":[{"id":4041,"href":"https:\/\/sperrsitz.net\/index.php?rest_route=\/wp\/v2\/pages\/785\/revisions\/4041"}],"wp:attachment":[{"href":"https:\/\/sperrsitz.net\/index.php?rest_route=%2Fwp%2Fv2%2Fmedia&parent=785"}],"curies":[{"name":"wp","href":"https:\/\/api.w.org\/{rel}","templated":true}]}}