{"id":678,"date":"2010-09-04T20:58:07","date_gmt":"2010-09-04T18:58:07","guid":{"rendered":"http:\/\/sperrsitz.net\/?page_id=678"},"modified":"2012-05-06T18:56:28","modified_gmt":"2012-05-06T16:56:28","slug":"archiv","status":"publish","type":"page","link":"https:\/\/sperrsitz.net\/?page_id=678","title":{"rendered":"Archiv_Theaterkritik"},"content":{"rendered":"<h4>2011<\/h4>\n<h5><a title=\"Nackter Wahnsinn | Was ihr wollt\" href=\"https:\/\/sperrsitz.net\/?p=1901\">NACKTER WAHNSINN | WAS IHR WOLLT \/ R: Sebastian Hartmann \/ Centraltheater Leipzig<\/a><\/h5>\n<h5><a title=\"Der gute Mensch von Sezuan\" href=\"https:\/\/sperrsitz.net\/?p=1789\">DER GUTE MENSCH VON SEZUAN von Bertolt Brecht \/ R: Sebastian Baumgarten \/ Centraltheater Leipzig<\/a><\/h5>\n<h5><a title=\"Merlin Oder Das W\u00fcsste Land\" href=\"https:\/\/sperrsitz.net\/?p=1727\">MERLIN ODER DAS W\u00dcSTE LAND von Tankred Dorst \/ R: Stefan Ebeling \/ Schaustelle Halle<\/a><\/h5>\n<h5><a title=\"Buffos des Blutes\" href=\"https:\/\/sperrsitz.net\/?p=1681\">THE WOLF BOYS von Norton.Commander.Productions<\/a><\/h5>\n<h5><a title=\"Grundsatzfragen\" href=\"https:\/\/sperrsitz.net\/?p=1388\">GRUNDSATZFRAGEN. THEATER MIT WODKA \/ R: Solveig van der Hoffmann<\/a><\/h5>\n<h4>2010<\/h4>\n<h5><a href=\"https:\/\/sperrsitz.net\/?p=932\">BRITNEY, BRITNEY \/ R: Sebastian Thiel \/ Theaterkosmos 53<\/a><\/h5>\n<h5><a href=\"https:\/\/sperrsitz.net\/?p=889\">EKRAN \/ Handa Gote<\/a><\/h5>\n<h5><a href=\"https:\/\/sperrsitz.net\/?p=880\">OFF-EUROPA 2010. Ein Gespr\u00e4ch<\/a><\/h5>\n<h5><a href=\"https:\/\/sperrsitz.net\/?p=796\">SCHERNIKAU.SEHNSUCHTSLAND \/ R: Marc Lippuner \/ Porfolio.Inc<\/a><\/h5>\n<h5><a href=\"https:\/\/sperrsitz.net\/?p=493\">DIE LAST DER PERFORMANCE (Centraltheater Leipzig)<\/a><\/h5>\n<h5><a href=\"https:\/\/sperrsitz.net\/?p=305\">WIE ES EUCH GEF\u00c4LLT von William Shakespeare \/ R: Janna Kagerer \/ Theater Eumeniden<\/a><\/h5>\n<h5><a href=\"https:\/\/sperrsitz.net\/?p=291\">MASCHA-KAL\u00c9KO-ABEND \/ Ziegler &amp; auf der Heide<\/a><\/h5>\n<h5><a href=\"https:\/\/sperrsitz.net\/?p=553\">DIE VERSTEIGERUNG VON NR. 49 von Thomas Pynchon \/ R: Klaus Gehre \/ LOFFT<\/a><\/h5>\n<h5><a href=\"https:\/\/sperrsitz.net\/?p=561\">SPITZE von Doris Uhlich | WHAT THEY ARE INSTEAD OF von Schubot und Gradinger \/ TANZOFFENSIVE 2010<\/a><\/h5>\n<h5><a href=\"https:\/\/sperrsitz.net\/?p=571\">WILLKOMMEN ZU HAUSE \/ Plafki, Fuchs, Schott AG \/ TANZOFFENSIVE 2010<\/a><\/h5>\n<h5><a href=\"https:\/\/sperrsitz.net\/?p=620\">WAHLLOS REALOADED (MS Schrittmacher) | W.H.A.V.T. (Talking Legs) \/ TANZOFFENSIVE 2010<\/a><\/h5>\n<h5><a href=\"https:\/\/sperrsitz.net\/?p=595\">GROSSMICKERING von Christian von Aster \/ R: Frank Schletter \/ Theaterpack<\/a><\/h5>\n<h5><a href=\"https:\/\/sperrsitz.net\/?p=588\">ABSTRACTS OF MEN \/ Theater 11. August<\/a><\/h5>\n<h5><a href=\"https:\/\/sperrsitz.net\/?p=576\">DAS GROSSE FRESSEN nach Ferreri \/ R: Elisa Jentsch \/ Connewitzer Cammerspiele<\/a><\/h5>\n<h5><a href=\"https:\/\/sperrsitz.net\/?p=203\">DEUTSCHE GESCHICHTEN \/ Drama K\u00f6ln<\/a><\/h5>\n<h5><a href=\"https:\/\/sperrsitz.net\/?p=102\">SCHACKO \/ R: Gyula Moln\u00e0r \/ Kaufmann &amp; CO<\/a><\/h5>\n<h4>2009<\/h4>\n<h5><a href=\"https:\/\/sperrsitz.net\/?p=5\">DER NEUE MENSCH \/ Ligna<\/a><\/h5>\n<h4>2007<\/h4>\n<h5><a href=\"https:\/\/sperrsitz.net\/?p=649\">WOLFGANG KRAUSE ZWIEBACK im Schauspiel Leipzig<\/a><\/h5>\n<h5><a href=\"https:\/\/sperrsitz.net\/?p=661\">CHRISTOPH WERNER wird Intendant des Neuen Theaters in Halle \/ Saale<\/a><\/h5>\n<h4>2000<\/h4>\n<h5><a href=\"https:\/\/sperrsitz.net\/?p=672\">PUSSY TALK von Piet Arfeuille nach Johan Vandenbroucke \/ R: Matthias von Hartz \/ Schauspiel Leipzig <\/a><\/h5>\n<h5><a href=\"https:\/\/sperrsitz.net\/?p=667\">TARTUFFE ODER DER BETR\u00dcGER von Jean-Baptiste Moli\u00e8re \/ R: Herbert Olschok \/ Schauspiel Leipzig<\/a><\/h5>\n<h5><a href=\"https:\/\/sperrsitz.net\/?p=737\">DIE SCH\u00d6NHEITSK\u00d6NIGIN VON LEENANE von Martin McDonagh \/ R: Matthias Brenner \/ Schauspiel Leipzig<\/a><\/h5>\n<h4>1999<\/h4>\n<h5><a href=\"https:\/\/sperrsitz.net\/?p=901\">KASIMIR UND KAROLINE von \u00d6don von Horv\u00e1th \/ R: Michael Thalheimer \/ Schauspiel Leipzig<\/a><\/h5>\n<h5><a href=\"https:\/\/sperrsitz.net\/?p=907\">FAMILIENGESCHICHTEN. BELGRAD von Biljana Srbljanovic \/ R: Karsten Schiffler \/ Schauspiel Leipzig<\/a><\/h5>\n<h5><a href=\"https:\/\/sperrsitz.net\/?p=915\">EURO-SCENE 1999. Ein Ausblick<\/a><\/h5>\n<h5><a href=\"https:\/\/sperrsitz.net\/?p=922\">URBAN SHOTS \/ R: Albrecht Hirche \/ Theaterhaus Jena<\/a><\/h5>\n<h5><a href=\"https:\/\/sperrsitz.net\/?p=925\">DAS BALLHAUS von Steffen Mensching \/ R: Peter Kastenm\u00fcller \/ Schauspiel Leipzig<\/a><\/h5>\n<h4>1998<\/h4>\n<h5><a href=\"https:\/\/sperrsitz.net\/?p=944\">DSCHUNGEL L.E. \/ Ein Spektakel \/ Schauspiel Leipzig<\/a><\/h5>\n<h5><a href=\"https:\/\/sperrsitz.net\/?p=951\">DSCHUNGEL L.E. II \/ Schauspiel Leipzig<\/a><\/h5>\n<h5><a href=\"https:\/\/sperrsitz.net\/?p=958\">BERTOLT BRECHT 100<\/a><\/h5>\n<h4>1997<\/h4>\n<h5><a href=\"https:\/\/sperrsitz.net\/?p=991\">KOPFLOS nach Motiven von Michail Bulagkow \/ R: Mirko Marr<\/a><\/h5>\n<h5><a href=\"https:\/\/sperrsitz.net\/?p=996\">EURO-SCENE 1997<\/a><\/h5>\n<h5><a href=\"https:\/\/sperrsitz.net\/?p=1002\">KLASSIKERSPIELZEIT am Schauspiel Leipzig<\/a><\/h5>\n<h5><a href=\"https:\/\/sperrsitz.net\/?p=1008\">HAMLET von William Shakespeare \/ R: Rene Reinhardt \/ Schaub\u00fchne Leipzig<\/a><\/h5>\n<h5><a href=\"https:\/\/sperrsitz.net\/?p=1020\">STECKEN, STAB UND STANGERL von Elfriede Jelinek \/ R: Kazuko Watanabe \/ Schauspiel Leipzig<\/a><\/h5>\n<h5><a href=\"https:\/\/sperrsitz.net\/?p=1056\">SCHAUSPIELAUSBILDUNG LEIPZIG<\/a><\/h5>\n<h4>1996<\/h4>\n<h5><a href=\"https:\/\/sperrsitz.net\/?p=1099\">FESTIVAL IM OFF &#8211; euro-scene und MAN\u00f6VER Ausgabe &#8217;95 \/ Leipzig<\/a><\/h5>\n<h5><a href=\"https:\/\/sperrsitz.net\/?p=1026\">CAT SAID: ONE nach Leonora Carrington \/ Schaub\u00fchne Leipzig<\/a><\/h5>\n<h5><a href=\"https:\/\/sperrsitz.net\/?p=1032\">RICHARD III. von William Shakespeare \/ R: Wolfgang Engel \/ Schauspiel Leipzig<\/a><\/h5>\n<h5><a href=\"https:\/\/sperrsitz.net\/?p=1043\">MAN\u00d6VER-FESTIVAL. Eine Ank\u00fcndigung \/ B\u00fcro f\u00fcr Off-Theater Leipzig<\/a><\/h5>\n<h5><a href=\"https:\/\/sperrsitz.net\/?p=1048\">MAN\u00d6VER-FESTIVAL. Kurzkritik \/ B\u00fcro f\u00fcr Off-Theater Leipzig<\/a><\/h5>\n<h4>1995<\/h4>\n<h5><a href=\"https:\/\/sperrsitz.net\/?p=1063\">DAMPFERAUFGANG 6.13 UHR von WKZ und Christian Sade<\/a><\/h5>\n<h5><a href=\"https:\/\/sperrsitz.net\/?p=1127\">NIBELUNGEN von Friedrich Hebbel \/ R: Frank Castorf \/ Volksb\u00fchne Berlin<\/a><\/h5>\n<h5><a href=\"https:\/\/sperrsitz.net\/?p=1074\">TOM WOLTER UND DIE FREIEN KOM\u00d6DIANTEN<\/a><\/h5>\n<h5><a href=\"https:\/\/sperrsitz.net\/?p=1080\">GARNICHTWILD \/ Theater Struktur fokal \/ R: Marco S\u00fc\u00df<\/a><\/h5>\n<h5><a href=\"https:\/\/sperrsitz.net\/?p=1085\">HOPI \/ Teatro Mari \/ R: Uwe Hilbig<\/a><\/h5>\n<h5><a href=\"https:\/\/sperrsitz.net\/?p=1092\">Prof. Peter Reichel &#8211; Gr\u00fcndungsprofessor Dramaturgie<\/a><\/h5>\n<h5><a href=\"https:\/\/sperrsitz.net\/?p=1099\">MAN\u00f6VER und EURO-SCENE: JAHRGANG 1995<\/a><\/h5>\n<h5><a href=\"https:\/\/sperrsitz.net\/?p=1249\">DIE STADT DER FRAUEN von Federico Fellini \/ R: Frank Castorf \/ Volksb\u00fchne Berlin<\/a><\/h5>\n<h4>1994<\/h4>\n<h5><a href=\"https:\/\/sperrsitz.net\/?p=1109\">BLINDE ANGST \/\u00a0 R: Frank Sanders \/ Mantelband Leipzig<\/a><\/h5>\n<h5><a href=\"https:\/\/sperrsitz.net\/?p=1157\">DER REIGEN von Arthur Schnitzler \/ R: Herbert Olschok \/ St\u00e4dtische Theater Chemnitz<\/a><\/h5>\n<h5><a href=\"https:\/\/sperrsitz.net\/?p=1166\">HAMLET von William Shakespeare \/ R: Gert Jurgons \/ St\u00e4dtische Theater Chemnitz<\/a><\/h5>\n<h5><a href=\"https:\/\/sperrsitz.net\/?p=1171\">HASE HASE von Coline Serreau \/ R: Alejandro Quintana \/ St\u00e4dtische Theater Chemnitz<\/a><\/h5>\n<h5><a href=\"https:\/\/sperrsitz.net\/?p=1200\">JAUCHZET, FROHLOCKET von Irian Pauls \/ C: Irina Pauls \/ Schauspielhaus Leipzig<\/a><\/h5>\n<h5><a href=\"https:\/\/sperrsitz.net\/?p=1225\">DIE TROERINNEN DES EURIPIDES von Jean-Paul Sartre \/ R: Horst Ruprecht \/ Schauspielhaus Leipzig<\/a><\/h5>\n<h5><a href=\"https:\/\/sperrsitz.net\/?p=1230\">UNSER DORF SOLL SCH\u00d6NER WERDEN von Klaus Chatten \/ R: Bernd-Michael Baier \/ Schauspielhaus Chemnitz<\/a><\/h5>\n<h5><a href=\"https:\/\/sperrsitz.net\/?p=1253\">RAUSCH von August Strindberg \/ R: Martin Nimz \/ Schauspielhaus Chemnitz<\/a><\/h5>\n<h5><a href=\"https:\/\/sperrsitz.net\/?p=1260\">ZWISCHEN FR\u00dcHST\u00dcCK UND G\u00c4NSEBRATEN \/ Weihnachten im Leipziger Theater<\/a><\/h5>\n<h4>1993<\/h4>\n<h5><a href=\"https:\/\/sperrsitz.net\/?p=1192\">ROBERTO ZUCCO von Bernard-Marie Kolt\u00e8s \/ R: Valentin Jeker \/ Staatsschauspiel Dresden<\/a><\/h5>\n<h5><a href=\"https:\/\/sperrsitz.net\/?p=1342\">ALKESTIS von Euripides \/ R: Frank Castorf \/ Wiener Festwochen und Volksb\u00fchne Berlin<\/a><\/h5>\n<h5><a href=\"https:\/\/sperrsitz.net\/?p=1163\">FRANK &amp; STEIN von Ken Campbell \/ R: Bernd-Michael Beier \/ St\u00e4dtische Theater Chemnitz<\/a><\/h5>\n<h5><a href=\"https:\/\/sperrsitz.net\/?p=1348\">DIE RUNDK\u00d6PFE UND DIE SPITZK\u00d6PFE \/ R: Manfred Karge \/ Burgtheater Wien<\/a><\/h5>\n<h5><a href=\"https:\/\/sperrsitz.net\/?p=1356\">SEIN UND SCHEIN von Andr\u00e9 Heller \/ R: Andr\u00e9 Heller \/ Burgtheater Wien<\/a><\/h5>\n<h4>1992<\/h4>\n<h5><a href=\"https:\/\/sperrsitz.net\/?p=1259\">BUNKER &#8211; EIN SPIEL \/ R: Pierre Walter Politz \/ Schauspiel Leipzig<\/a><\/h5>\n<h5><a href=\"https:\/\/sperrsitz.net\/?p=1517\">ALPENGL\u00dcHEN von Peter Turrini \/ R: Claus Peymann \/ Burgtheater Wien<\/a><\/h5>\n<h5><a href=\"https:\/\/sperrsitz.net\/?p=1701\">EIN SOMMERNACHTSTRAUM von William Shakespeare \/ R: Leander Hau\u00dfmenn \/ DNT Weimar<\/a><\/h5>\n<h5><a href=\"https:\/\/sperrsitz.net\/?p=1716\">WOYZECK von Georg B\u00fcchner \/ R: Arne Retzlaff \/ Schauspiel Chemnitz<\/a><\/h5>\n<h4>1991<\/h4>\n<h5><a href=\"https:\/\/sperrsitz.net\/?p=1705\">DER DRACHE von Jewgeni Schwarz \/ R: Hartwig Albiro \/ Schauspiel Chemnitz<\/a><\/h5>\n<h4>(fr\u00fchere Jahrg\u00e4nge folgen)<\/h4>\n","protected":false},"excerpt":{"rendered":"<p>2011 NACKTER WAHNSINN | WAS IHR WOLLT \/ R: Sebastian Hartmann \/ Centraltheater Leipzig DER GUTE MENSCH VON SEZUAN von Bertolt Brecht \/ R: Sebastian Baumgarten \/ Centraltheater Leipzig MERLIN ODER DAS W\u00dcSTE LAND von Tankred Dorst \/ R: Stefan &hellip; <a href=\"https:\/\/sperrsitz.net\/?page_id=678\">Weiterlesen <span class=\"meta-nav\">&rarr;<\/span><\/a><\/p>\n","protected":false},"author":1,"featured_media":0,"parent":0,"menu_order":0,"comment_status":"closed","ping_status":"closed","template":"","meta":{"ngg_post_thumbnail":0,"footnotes":""},"class_list":["post-678","page","type-page","status-publish","hentry"],"yoast_head":"<!-- This site is optimized with the Yoast SEO plugin v27.3 - https:\/\/yoast.com\/product\/yoast-seo-wordpress\/ -->\n<title>Archiv_Theaterkritik &#8211; Sperrsitz.net<\/title>\n<meta name=\"robots\" content=\"index, follow, max-snippet:-1, max-image-preview:large, max-video-preview:-1\" \/>\n<link rel=\"canonical\" href=\"https:\/\/sperrsitz.net\/?page_id=678\" \/>\n<meta property=\"og:locale\" content=\"de_DE\" \/>\n<meta property=\"og:type\" content=\"article\" \/>\n<meta property=\"og:title\" content=\"Archiv_Theaterkritik &#8211; Sperrsitz.net\" \/>\n<meta property=\"og:description\" content=\"2011 NACKTER WAHNSINN | WAS IHR WOLLT \/ R: Sebastian Hartmann \/ Centraltheater Leipzig DER GUTE MENSCH VON SEZUAN von Bertolt Brecht \/ R: Sebastian Baumgarten \/ Centraltheater Leipzig MERLIN ODER DAS W\u00dcSTE LAND von Tankred Dorst \/ R: Stefan &hellip; Weiterlesen &rarr;\" \/>\n<meta property=\"og:url\" content=\"https:\/\/sperrsitz.net\/?page_id=678\" \/>\n<meta property=\"og:site_name\" content=\"Sperrsitz.net\" \/>\n<meta property=\"article:modified_time\" content=\"2012-05-06T16:56:28+00:00\" \/>\n<meta name=\"twitter:card\" content=\"summary_large_image\" \/>\n<meta name=\"twitter:label1\" content=\"Gesch\u00e4tzte Lesezeit\" \/>\n\t<meta name=\"twitter:data1\" content=\"3\u00a0Minuten\" \/>\n<script type=\"application\/ld+json\" class=\"yoast-schema-graph\">{\"@context\":\"https:\\\/\\\/schema.org\",\"@graph\":[{\"@type\":\"WebPage\",\"@id\":\"https:\\\/\\\/sperrsitz.net\\\/?page_id=678\",\"url\":\"https:\\\/\\\/sperrsitz.net\\\/?page_id=678\",\"name\":\"Archiv_Theaterkritik &#8211; Sperrsitz.net\",\"isPartOf\":{\"@id\":\"https:\\\/\\\/sperrsitz.net\\\/#website\"},\"datePublished\":\"2010-09-04T18:58:07+00:00\",\"dateModified\":\"2012-05-06T16:56:28+00:00\",\"breadcrumb\":{\"@id\":\"https:\\\/\\\/sperrsitz.net\\\/?page_id=678#breadcrumb\"},\"inLanguage\":\"de\",\"potentialAction\":[{\"@type\":\"ReadAction\",\"target\":[\"https:\\\/\\\/sperrsitz.net\\\/?page_id=678\"]}]},{\"@type\":\"BreadcrumbList\",\"@id\":\"https:\\\/\\\/sperrsitz.net\\\/?page_id=678#breadcrumb\",\"itemListElement\":[{\"@type\":\"ListItem\",\"position\":1,\"name\":\"Home\",\"item\":\"https:\\\/\\\/sperrsitz.net\\\/\"},{\"@type\":\"ListItem\",\"position\":2,\"name\":\"Archiv_Theaterkritik\"}]},{\"@type\":\"WebSite\",\"@id\":\"https:\\\/\\\/sperrsitz.net\\\/#website\",\"url\":\"https:\\\/\\\/sperrsitz.net\\\/\",\"name\":\"Sperrsitz.net\",\"description\":\"Stefan Kanis | Radioregie und Allf\u00e4lliges.\",\"publisher\":{\"@id\":\"https:\\\/\\\/sperrsitz.net\\\/#\\\/schema\\\/person\\\/c3186daad093aa259c336c430f1f3e78\"},\"potentialAction\":[{\"@type\":\"SearchAction\",\"target\":{\"@type\":\"EntryPoint\",\"urlTemplate\":\"https:\\\/\\\/sperrsitz.net\\\/?s={search_term_string}\"},\"query-input\":{\"@type\":\"PropertyValueSpecification\",\"valueRequired\":true,\"valueName\":\"search_term_string\"}}],\"inLanguage\":\"de\"},{\"@type\":[\"Person\",\"Organization\"],\"@id\":\"https:\\\/\\\/sperrsitz.net\\\/#\\\/schema\\\/person\\\/c3186daad093aa259c336c430f1f3e78\",\"name\":\"Stefan Kanis\",\"image\":{\"@type\":\"ImageObject\",\"inLanguage\":\"de\",\"@id\":\"https:\\\/\\\/secure.gravatar.com\\\/avatar\\\/b0feff0bc183a7e3ea2924fad583004078cc47ddae0ee8e37c029afb403a8649?s=96&d=mm&r=g\",\"url\":\"https:\\\/\\\/secure.gravatar.com\\\/avatar\\\/b0feff0bc183a7e3ea2924fad583004078cc47ddae0ee8e37c029afb403a8649?s=96&d=mm&r=g\",\"contentUrl\":\"https:\\\/\\\/secure.gravatar.com\\\/avatar\\\/b0feff0bc183a7e3ea2924fad583004078cc47ddae0ee8e37c029afb403a8649?s=96&d=mm&r=g\",\"caption\":\"Stefan Kanis\"},\"logo\":{\"@id\":\"https:\\\/\\\/secure.gravatar.com\\\/avatar\\\/b0feff0bc183a7e3ea2924fad583004078cc47ddae0ee8e37c029afb403a8649?s=96&d=mm&r=g\"},\"sameAs\":[\"https:\\\/\\\/de.wikipedia.org\\\/wiki\\\/Stefan_Kanis\"]}]}<\/script>\n<!-- \/ Yoast SEO plugin. -->","yoast_head_json":{"title":"Archiv_Theaterkritik &#8211; Sperrsitz.net","robots":{"index":"index","follow":"follow","max-snippet":"max-snippet:-1","max-image-preview":"max-image-preview:large","max-video-preview":"max-video-preview:-1"},"canonical":"https:\/\/sperrsitz.net\/?page_id=678","og_locale":"de_DE","og_type":"article","og_title":"Archiv_Theaterkritik &#8211; Sperrsitz.net","og_description":"2011 NACKTER WAHNSINN | WAS IHR WOLLT \/ R: Sebastian Hartmann \/ Centraltheater Leipzig DER GUTE MENSCH VON SEZUAN von Bertolt Brecht \/ R: Sebastian Baumgarten \/ Centraltheater Leipzig MERLIN ODER DAS W\u00dcSTE LAND von Tankred Dorst \/ R: Stefan &hellip; Weiterlesen &rarr;","og_url":"https:\/\/sperrsitz.net\/?page_id=678","og_site_name":"Sperrsitz.net","article_modified_time":"2012-05-06T16:56:28+00:00","twitter_card":"summary_large_image","twitter_misc":{"Gesch\u00e4tzte Lesezeit":"3\u00a0Minuten"},"schema":{"@context":"https:\/\/schema.org","@graph":[{"@type":"WebPage","@id":"https:\/\/sperrsitz.net\/?page_id=678","url":"https:\/\/sperrsitz.net\/?page_id=678","name":"Archiv_Theaterkritik &#8211; Sperrsitz.net","isPartOf":{"@id":"https:\/\/sperrsitz.net\/#website"},"datePublished":"2010-09-04T18:58:07+00:00","dateModified":"2012-05-06T16:56:28+00:00","breadcrumb":{"@id":"https:\/\/sperrsitz.net\/?page_id=678#breadcrumb"},"inLanguage":"de","potentialAction":[{"@type":"ReadAction","target":["https:\/\/sperrsitz.net\/?page_id=678"]}]},{"@type":"BreadcrumbList","@id":"https:\/\/sperrsitz.net\/?page_id=678#breadcrumb","itemListElement":[{"@type":"ListItem","position":1,"name":"Home","item":"https:\/\/sperrsitz.net\/"},{"@type":"ListItem","position":2,"name":"Archiv_Theaterkritik"}]},{"@type":"WebSite","@id":"https:\/\/sperrsitz.net\/#website","url":"https:\/\/sperrsitz.net\/","name":"Sperrsitz.net","description":"Stefan Kanis | Radioregie und Allf\u00e4lliges.","publisher":{"@id":"https:\/\/sperrsitz.net\/#\/schema\/person\/c3186daad093aa259c336c430f1f3e78"},"potentialAction":[{"@type":"SearchAction","target":{"@type":"EntryPoint","urlTemplate":"https:\/\/sperrsitz.net\/?s={search_term_string}"},"query-input":{"@type":"PropertyValueSpecification","valueRequired":true,"valueName":"search_term_string"}}],"inLanguage":"de"},{"@type":["Person","Organization"],"@id":"https:\/\/sperrsitz.net\/#\/schema\/person\/c3186daad093aa259c336c430f1f3e78","name":"Stefan Kanis","image":{"@type":"ImageObject","inLanguage":"de","@id":"https:\/\/secure.gravatar.com\/avatar\/b0feff0bc183a7e3ea2924fad583004078cc47ddae0ee8e37c029afb403a8649?s=96&d=mm&r=g","url":"https:\/\/secure.gravatar.com\/avatar\/b0feff0bc183a7e3ea2924fad583004078cc47ddae0ee8e37c029afb403a8649?s=96&d=mm&r=g","contentUrl":"https:\/\/secure.gravatar.com\/avatar\/b0feff0bc183a7e3ea2924fad583004078cc47ddae0ee8e37c029afb403a8649?s=96&d=mm&r=g","caption":"Stefan Kanis"},"logo":{"@id":"https:\/\/secure.gravatar.com\/avatar\/b0feff0bc183a7e3ea2924fad583004078cc47ddae0ee8e37c029afb403a8649?s=96&d=mm&r=g"},"sameAs":["https:\/\/de.wikipedia.org\/wiki\/Stefan_Kanis"]}]}},"_links":{"self":[{"href":"https:\/\/sperrsitz.net\/index.php?rest_route=\/wp\/v2\/pages\/678","targetHints":{"allow":["GET"]}}],"collection":[{"href":"https:\/\/sperrsitz.net\/index.php?rest_route=\/wp\/v2\/pages"}],"about":[{"href":"https:\/\/sperrsitz.net\/index.php?rest_route=\/wp\/v2\/types\/page"}],"author":[{"embeddable":true,"href":"https:\/\/sperrsitz.net\/index.php?rest_route=\/wp\/v2\/users\/1"}],"replies":[{"embeddable":true,"href":"https:\/\/sperrsitz.net\/index.php?rest_route=%2Fwp%2Fv2%2Fcomments&post=678"}],"version-history":[{"count":94,"href":"https:\/\/sperrsitz.net\/index.php?rest_route=\/wp\/v2\/pages\/678\/revisions"}],"predecessor-version":[{"id":696,"href":"https:\/\/sperrsitz.net\/index.php?rest_route=\/wp\/v2\/pages\/678\/revisions\/696"}],"wp:attachment":[{"href":"https:\/\/sperrsitz.net\/index.php?rest_route=%2Fwp%2Fv2%2Fmedia&parent=678"}],"curies":[{"name":"wp","href":"https:\/\/api.w.org\/{rel}","templated":true}]}}