{"id":2602,"date":"2014-10-05T08:39:30","date_gmt":"2014-10-05T06:39:30","guid":{"rendered":"http:\/\/sperrsitz.net\/?page_id=2602"},"modified":"2014-10-05T08:39:30","modified_gmt":"2014-10-05T06:39:30","slug":"tiere-als-tater","status":"publish","type":"page","link":"https:\/\/sperrsitz.net\/?page_id=2602","title":{"rendered":"Tiere als T\u00e4ter"},"content":{"rendered":"<h3>Sechs Dokufiktion-H\u00f6rspiele | Linkliste<\/h3>\n<p><a title=\"Nimba \u2013 Das Gesetz des Dschungels\" href=\"https:\/\/sperrsitz.net\/?p=1395\">ngg_shortcode_0_placeholder<\/a><\/p>\n<p>&nbsp;<\/p>\n<ul>\n<li><a title=\"Nimba \u2013 Das Gesetz des Dschungels\" href=\"https:\/\/sperrsitz.net\/?p=1395\">NIMBA: DAS GESETZ DES DSCHUNGEL &#8211; von Anne M\u00fccke und Frank Bruder<\/a> (2010)<\/li>\n<li><a title=\"Redback: Der leise Tod\" href=\"https:\/\/sperrsitz.net\/?p=1422\">REDBACK: DER LEISE TOD &#8211; von Alexander Brabandt<\/a> (2010)<\/li>\n<li><a title=\"Blutiges Nirgendwo: Tod auf der Insel\" href=\"https:\/\/sperrsitz.net\/?p=1450\">BLUTIGES NIRGENDWO: TOD AUF DER INSEL &#8211; von Richard Fasten<\/a> (2008)<\/li>\n<li><a title=\"Schneeball: Die Spur des Yeti\" href=\"https:\/\/sperrsitz.net\/?p=1524\">SCHNEEBALL: DIE SPUR DES YETI &#8211; von Frank Bruder<\/a> (2008)<\/li>\n<li><a title=\"Amok: Tod in der Savanne\" href=\"https:\/\/sperrsitz.net\/?p=1532\">AMOK: TOD IN DER SAVANNE &#8211; von Richard Fasten<\/a> (2008)<\/li>\n<li><a title=\"L\u00e4chelnde Killer: Mord im Moray Firth\" href=\"https:\/\/sperrsitz.net\/?p=1535\">L\u00c4CHELNDE KILLER: MORD IM MORAY FIRTH &#8211; von Frank Bruder<\/a> (2008)<\/li>\n<\/ul>\n","protected":false},"excerpt":{"rendered":"<p>Sechs Dokufiktion-H\u00f6rspiele | Linkliste &nbsp; NIMBA: DAS GESETZ DES DSCHUNGEL &#8211; von Anne M\u00fccke und Frank Bruder (2010) REDBACK: DER LEISE TOD &#8211; von Alexander Brabandt (2010) BLUTIGES NIRGENDWO: TOD AUF DER INSEL &#8211; von Richard Fasten (2008) SCHNEEBALL: DIE &hellip; <a href=\"https:\/\/sperrsitz.net\/?page_id=2602\">Weiterlesen <span class=\"meta-nav\">&rarr;<\/span><\/a><\/p>\n","protected":false},"author":1,"featured_media":0,"parent":0,"menu_order":0,"comment_status":"closed","ping_status":"open","template":"","meta":{"ngg_post_thumbnail":0,"footnotes":""},"class_list":["post-2602","page","type-page","status-publish","hentry"],"yoast_head":"<!-- This site is optimized with the Yoast SEO plugin v27.3 - https:\/\/yoast.com\/product\/yoast-seo-wordpress\/ -->\n<title>Tiere als T\u00e4ter &#8211; Sperrsitz.net<\/title>\n<meta name=\"robots\" content=\"index, follow, max-snippet:-1, max-image-preview:large, max-video-preview:-1\" \/>\n<link rel=\"canonical\" href=\"https:\/\/sperrsitz.net\/?page_id=2602\" \/>\n<meta property=\"og:locale\" content=\"de_DE\" \/>\n<meta property=\"og:type\" content=\"article\" \/>\n<meta property=\"og:title\" content=\"Tiere als T\u00e4ter &#8211; Sperrsitz.net\" \/>\n<meta property=\"og:description\" content=\"Sechs Dokufiktion-H\u00f6rspiele | Linkliste &nbsp; NIMBA: DAS GESETZ DES DSCHUNGEL &#8211; von Anne M\u00fccke und Frank Bruder (2010) REDBACK: DER LEISE TOD &#8211; von Alexander Brabandt (2010) BLUTIGES NIRGENDWO: TOD AUF DER INSEL &#8211; von Richard Fasten (2008) SCHNEEBALL: DIE &hellip; Weiterlesen &rarr;\" \/>\n<meta property=\"og:url\" content=\"https:\/\/sperrsitz.net\/?page_id=2602\" \/>\n<meta property=\"og:site_name\" content=\"Sperrsitz.net\" \/>\n<meta name=\"twitter:card\" content=\"summary_large_image\" \/>\n<script type=\"application\/ld+json\" class=\"yoast-schema-graph\">{\"@context\":\"https:\\\/\\\/schema.org\",\"@graph\":[{\"@type\":\"WebPage\",\"@id\":\"https:\\\/\\\/sperrsitz.net\\\/?page_id=2602\",\"url\":\"https:\\\/\\\/sperrsitz.net\\\/?page_id=2602\",\"name\":\"Tiere als T\u00e4ter &#8211; Sperrsitz.net\",\"isPartOf\":{\"@id\":\"https:\\\/\\\/sperrsitz.net\\\/#website\"},\"datePublished\":\"2014-10-05T06:39:30+00:00\",\"breadcrumb\":{\"@id\":\"https:\\\/\\\/sperrsitz.net\\\/?page_id=2602#breadcrumb\"},\"inLanguage\":\"de\",\"potentialAction\":[{\"@type\":\"ReadAction\",\"target\":[\"https:\\\/\\\/sperrsitz.net\\\/?page_id=2602\"]}]},{\"@type\":\"BreadcrumbList\",\"@id\":\"https:\\\/\\\/sperrsitz.net\\\/?page_id=2602#breadcrumb\",\"itemListElement\":[{\"@type\":\"ListItem\",\"position\":1,\"name\":\"Home\",\"item\":\"https:\\\/\\\/sperrsitz.net\\\/\"},{\"@type\":\"ListItem\",\"position\":2,\"name\":\"Tiere als T\u00e4ter\"}]},{\"@type\":\"WebSite\",\"@id\":\"https:\\\/\\\/sperrsitz.net\\\/#website\",\"url\":\"https:\\\/\\\/sperrsitz.net\\\/\",\"name\":\"Sperrsitz.net\",\"description\":\"Stefan Kanis | Radioregie und Allf\u00e4lliges.\",\"publisher\":{\"@id\":\"https:\\\/\\\/sperrsitz.net\\\/#\\\/schema\\\/person\\\/c3186daad093aa259c336c430f1f3e78\"},\"potentialAction\":[{\"@type\":\"SearchAction\",\"target\":{\"@type\":\"EntryPoint\",\"urlTemplate\":\"https:\\\/\\\/sperrsitz.net\\\/?s={search_term_string}\"},\"query-input\":{\"@type\":\"PropertyValueSpecification\",\"valueRequired\":true,\"valueName\":\"search_term_string\"}}],\"inLanguage\":\"de\"},{\"@type\":[\"Person\",\"Organization\"],\"@id\":\"https:\\\/\\\/sperrsitz.net\\\/#\\\/schema\\\/person\\\/c3186daad093aa259c336c430f1f3e78\",\"name\":\"Stefan Kanis\",\"image\":{\"@type\":\"ImageObject\",\"inLanguage\":\"de\",\"@id\":\"https:\\\/\\\/secure.gravatar.com\\\/avatar\\\/b0feff0bc183a7e3ea2924fad583004078cc47ddae0ee8e37c029afb403a8649?s=96&d=mm&r=g\",\"url\":\"https:\\\/\\\/secure.gravatar.com\\\/avatar\\\/b0feff0bc183a7e3ea2924fad583004078cc47ddae0ee8e37c029afb403a8649?s=96&d=mm&r=g\",\"contentUrl\":\"https:\\\/\\\/secure.gravatar.com\\\/avatar\\\/b0feff0bc183a7e3ea2924fad583004078cc47ddae0ee8e37c029afb403a8649?s=96&d=mm&r=g\",\"caption\":\"Stefan Kanis\"},\"logo\":{\"@id\":\"https:\\\/\\\/secure.gravatar.com\\\/avatar\\\/b0feff0bc183a7e3ea2924fad583004078cc47ddae0ee8e37c029afb403a8649?s=96&d=mm&r=g\"},\"sameAs\":[\"https:\\\/\\\/de.wikipedia.org\\\/wiki\\\/Stefan_Kanis\"]}]}<\/script>\n<!-- \/ Yoast SEO plugin. -->","yoast_head_json":{"title":"Tiere als T\u00e4ter &#8211; Sperrsitz.net","robots":{"index":"index","follow":"follow","max-snippet":"max-snippet:-1","max-image-preview":"max-image-preview:large","max-video-preview":"max-video-preview:-1"},"canonical":"https:\/\/sperrsitz.net\/?page_id=2602","og_locale":"de_DE","og_type":"article","og_title":"Tiere als T\u00e4ter &#8211; Sperrsitz.net","og_description":"Sechs Dokufiktion-H\u00f6rspiele | Linkliste &nbsp; NIMBA: DAS GESETZ DES DSCHUNGEL &#8211; von Anne M\u00fccke und Frank Bruder (2010) REDBACK: DER LEISE TOD &#8211; von Alexander Brabandt (2010) BLUTIGES NIRGENDWO: TOD AUF DER INSEL &#8211; von Richard Fasten (2008) SCHNEEBALL: DIE &hellip; Weiterlesen &rarr;","og_url":"https:\/\/sperrsitz.net\/?page_id=2602","og_site_name":"Sperrsitz.net","twitter_card":"summary_large_image","schema":{"@context":"https:\/\/schema.org","@graph":[{"@type":"WebPage","@id":"https:\/\/sperrsitz.net\/?page_id=2602","url":"https:\/\/sperrsitz.net\/?page_id=2602","name":"Tiere als T\u00e4ter &#8211; Sperrsitz.net","isPartOf":{"@id":"https:\/\/sperrsitz.net\/#website"},"datePublished":"2014-10-05T06:39:30+00:00","breadcrumb":{"@id":"https:\/\/sperrsitz.net\/?page_id=2602#breadcrumb"},"inLanguage":"de","potentialAction":[{"@type":"ReadAction","target":["https:\/\/sperrsitz.net\/?page_id=2602"]}]},{"@type":"BreadcrumbList","@id":"https:\/\/sperrsitz.net\/?page_id=2602#breadcrumb","itemListElement":[{"@type":"ListItem","position":1,"name":"Home","item":"https:\/\/sperrsitz.net\/"},{"@type":"ListItem","position":2,"name":"Tiere als T\u00e4ter"}]},{"@type":"WebSite","@id":"https:\/\/sperrsitz.net\/#website","url":"https:\/\/sperrsitz.net\/","name":"Sperrsitz.net","description":"Stefan Kanis | Radioregie und Allf\u00e4lliges.","publisher":{"@id":"https:\/\/sperrsitz.net\/#\/schema\/person\/c3186daad093aa259c336c430f1f3e78"},"potentialAction":[{"@type":"SearchAction","target":{"@type":"EntryPoint","urlTemplate":"https:\/\/sperrsitz.net\/?s={search_term_string}"},"query-input":{"@type":"PropertyValueSpecification","valueRequired":true,"valueName":"search_term_string"}}],"inLanguage":"de"},{"@type":["Person","Organization"],"@id":"https:\/\/sperrsitz.net\/#\/schema\/person\/c3186daad093aa259c336c430f1f3e78","name":"Stefan Kanis","image":{"@type":"ImageObject","inLanguage":"de","@id":"https:\/\/secure.gravatar.com\/avatar\/b0feff0bc183a7e3ea2924fad583004078cc47ddae0ee8e37c029afb403a8649?s=96&d=mm&r=g","url":"https:\/\/secure.gravatar.com\/avatar\/b0feff0bc183a7e3ea2924fad583004078cc47ddae0ee8e37c029afb403a8649?s=96&d=mm&r=g","contentUrl":"https:\/\/secure.gravatar.com\/avatar\/b0feff0bc183a7e3ea2924fad583004078cc47ddae0ee8e37c029afb403a8649?s=96&d=mm&r=g","caption":"Stefan Kanis"},"logo":{"@id":"https:\/\/secure.gravatar.com\/avatar\/b0feff0bc183a7e3ea2924fad583004078cc47ddae0ee8e37c029afb403a8649?s=96&d=mm&r=g"},"sameAs":["https:\/\/de.wikipedia.org\/wiki\/Stefan_Kanis"]}]}},"_links":{"self":[{"href":"https:\/\/sperrsitz.net\/index.php?rest_route=\/wp\/v2\/pages\/2602","targetHints":{"allow":["GET"]}}],"collection":[{"href":"https:\/\/sperrsitz.net\/index.php?rest_route=\/wp\/v2\/pages"}],"about":[{"href":"https:\/\/sperrsitz.net\/index.php?rest_route=\/wp\/v2\/types\/page"}],"author":[{"embeddable":true,"href":"https:\/\/sperrsitz.net\/index.php?rest_route=\/wp\/v2\/users\/1"}],"replies":[{"embeddable":true,"href":"https:\/\/sperrsitz.net\/index.php?rest_route=%2Fwp%2Fv2%2Fcomments&post=2602"}],"version-history":[{"count":14,"href":"https:\/\/sperrsitz.net\/index.php?rest_route=\/wp\/v2\/pages\/2602\/revisions"}],"predecessor-version":[{"id":2616,"href":"https:\/\/sperrsitz.net\/index.php?rest_route=\/wp\/v2\/pages\/2602\/revisions\/2616"}],"wp:attachment":[{"href":"https:\/\/sperrsitz.net\/index.php?rest_route=%2Fwp%2Fv2%2Fmedia&parent=2602"}],"curies":[{"name":"wp","href":"https:\/\/api.w.org\/{rel}","templated":true}]}}